{"id":788,"date":"2025-05-24T12:32:35","date_gmt":"2025-05-24T12:32:35","guid":{"rendered":"https:\/\/matura96.ch\/?page_id=788"},"modified":"2026-01-05T22:59:32","modified_gmt":"2026-01-05T22:59:32","slug":"home-cloned","status":"publish","type":"page","link":"https:\/\/matura96.ch\/","title":{"rendered":"30 Jahre Kanti Frauenfeld"},"content":{"rendered":"<p><div class=\"fusion-fullwidth fullwidth-box fusion-builder-row-1 fusion-flex-container has-pattern-background has-mask-background hundred-percent-fullwidth non-hundred-percent-height-scrolling fusion-sticky-container\" style=\"--awb-border-radius-top-left:0px;--awb-border-radius-top-right:0px;--awb-border-radius-bottom-right:0px;--awb-border-radius-bottom-left:0px;--awb-padding-top:0px;--awb-margin-top:0px;--awb-background-color:rgba(255,255,255,0.8);--awb-flex-wrap:wrap;\" data-transition-offset=\"0\" data-scroll-offset=\"0\" data-sticky-small-visibility=\"1\" data-sticky-medium-visibility=\"1\" data-sticky-large-visibility=\"1\" ><div class=\"fusion-builder-row fusion-row fusion-flex-align-items-flex-start fusion-flex-content-wrap\" style=\"width:104% !important;max-width:104% !important;margin-left: calc(-4% \/ 2 );margin-right: calc(-4% \/ 2 );\"><div class=\"fusion-layout-column fusion_builder_column fusion-builder-column-0 fusion_builder_column_1_1 1_1 fusion-flex-column\" style=\"--awb-bg-size:cover;--awb-width-large:100%;--awb-margin-top-large:0px;--awb-spacing-right-large:1.92%;--awb-margin-bottom-large:20px;--awb-spacing-left-large:1.92%;--awb-width-medium:100%;--awb-order-medium:0;--awb-spacing-right-medium:1.92%;--awb-spacing-left-medium:1.92%;--awb-width-small:100%;--awb-order-small:0;--awb-spacing-right-small:1.92%;--awb-spacing-left-small:1.92%;\" data-scroll-devices=\"small-visibility,medium-visibility,large-visibility\"><div class=\"fusion-column-wrapper fusion-column-has-shadow fusion-flex-justify-content-flex-start fusion-content-layout-column\"><div class=\"fusion-image-element \" style=\"text-align:center;--awb-caption-title-font-family:var(--h2_typography-font-family);--awb-caption-title-font-weight:var(--h2_typography-font-weight);--awb-caption-title-font-style:var(--h2_typography-font-style);--awb-caption-title-size:var(--h2_typography-font-size);--awb-caption-title-transform:var(--h2_typography-text-transform);--awb-caption-title-line-height:var(--h2_typography-line-height);--awb-caption-title-letter-spacing:var(--h2_typography-letter-spacing);\"><span class=\" fusion-imageframe imageframe-none imageframe-1 hover-type-none\"><img decoding=\"async\" width=\"1200\" height=\"256\" title=\"matura96_banner_1200x256\" src=\"https:\/\/matura96.ch\/wp-content\/uploads\/2025\/05\/matura96_banner_1200x256.png\" alt class=\"img-responsive wp-image-829\" srcset=\"https:\/\/matura96.ch\/wp-content\/uploads\/2025\/05\/matura96_banner_1200x256-200x43.png 200w, https:\/\/matura96.ch\/wp-content\/uploads\/2025\/05\/matura96_banner_1200x256-400x85.png 400w, https:\/\/matura96.ch\/wp-content\/uploads\/2025\/05\/matura96_banner_1200x256-600x128.png 600w, https:\/\/matura96.ch\/wp-content\/uploads\/2025\/05\/matura96_banner_1200x256-800x171.png 800w, https:\/\/matura96.ch\/wp-content\/uploads\/2025\/05\/matura96_banner_1200x256.png 1200w\" sizes=\"(max-width: 640px) 100vw, 1200px\" \/><\/span><\/div><\/div><\/div><\/div><\/div><div class=\"fusion-fullwidth fullwidth-box fusion-builder-row-2 fusion-flex-container has-pattern-background has-mask-background nonhundred-percent-fullwidth non-hundred-percent-height-scrolling\" style=\"--awb-border-radius-top-left:0px;--awb-border-radius-top-right:0px;--awb-border-radius-bottom-right:0px;--awb-border-radius-bottom-left:0px;--awb-padding-top:20px;--awb-padding-bottom:20px;--awb-flex-wrap:wrap;\" ><div class=\"fusion-builder-row fusion-row fusion-flex-align-items-flex-start fusion-flex-content-wrap\" style=\"max-width:1248px;margin-left: calc(-4% \/ 2 );margin-right: calc(-4% \/ 2 );\"><div class=\"fusion-layout-column fusion_builder_column fusion-builder-column-1 fusion_builder_column_1_1 1_1 fusion-flex-column\" style=\"--awb-bg-size:cover;--awb-width-large:100%;--awb-margin-top-large:0px;--awb-spacing-right-large:1.92%;--awb-margin-bottom-large:20px;--awb-spacing-left-large:1.92%;--awb-width-medium:100%;--awb-order-medium:0;--awb-spacing-right-medium:1.92%;--awb-spacing-left-medium:1.92%;--awb-width-small:100%;--awb-order-small:0;--awb-spacing-right-small:1.92%;--awb-spacing-left-small:1.92%;\" data-scroll-devices=\"small-visibility,medium-visibility,large-visibility\"><div class=\"fusion-column-wrapper fusion-column-has-shadow fusion-flex-justify-content-flex-start fusion-content-layout-column\"><div class=\"fusion-title title fusion-title-1 fusion-sep-none fusion-title-center fusion-title-text fusion-title-size-one\"><h1 class=\"fusion-title-heading title-heading-center\" style=\"margin:0;\">30 Jahre ist es her&#8230;.<\/h1><\/div><\/div><\/div><div class=\"fusion-layout-column fusion_builder_column fusion-builder-column-2 fusion_builder_column_1_1 1_1 fusion-flex-column\" style=\"--awb-padding-top:20px;--awb-padding-right:20px;--awb-padding-bottom:20px;--awb-padding-left:20px;--awb-overflow:hidden;--awb-bg-color:rgba(255,255,255,0.9);--awb-bg-color-hover:rgba(255,255,255,0.9);--awb-bg-size:cover;--awb-border-color:#a6a6a6;--awb-border-top:6px;--awb-border-right:6px;--awb-border-bottom:6px;--awb-border-left:6px;--awb-border-style:solid;--awb-border-radius:50px 50px 50px 50px;--awb-width-large:100%;--awb-margin-top-large:0px;--awb-spacing-right-large:1.92%;--awb-margin-bottom-large:0px;--awb-spacing-left-large:1.92%;--awb-width-medium:100%;--awb-order-medium:0;--awb-spacing-right-medium:1.92%;--awb-spacing-left-medium:1.92%;--awb-width-small:100%;--awb-order-small:0;--awb-spacing-right-small:1.92%;--awb-spacing-left-small:1.92%;\" data-scroll-devices=\"small-visibility,medium-visibility,large-visibility\"><div class=\"fusion-column-wrapper fusion-column-has-shadow fusion-flex-justify-content-flex-start fusion-content-layout-column\"><div class=\"fusion-text fusion-text-1\"><p data-start=\"119\" data-end=\"249\">Im Jahr 1996 haben wir unsere Matura an der Kanti Frauenfeld gemacht. Nach <strong data-start=\"124\" data-end=\"137\">30 Jahren<\/strong> ist es endlich wieder so weit: Wir kommen zusammen, um alte Erinnerungen aufzufrischen und neue zu schaffen. \ud83c\udf89\u00a0Ein Abend voller Geschichten, Begegnungen und Spass \u2013 das Klassentreffen, das niemand verpassen sollte! Lasst uns anstossen und auf die vergangenen Jahre zur\u00fcckblicken. \ud83e\udd42<\/p>\n<\/div><div class=\"fusion-text fusion-text-2\"><p>Wir freuen uns sehr \u00fcber das grosse Interesse an unserem Jahrgangstreffen \u2013 aktuell haben sich bereits <strong>65 Personen angemeldet<\/strong>. Gerne stellen wir euch hiermit die letzten wichtigen Informationen zum Anlass zur Verf\u00fcgung.<\/p>\n<p>Bei Fragen oder Unklarheiten: <a href=\"mailto:info@matura96.ch\"><strong>info@matura96.ch<\/strong><\/a><\/p>\n<\/div><\/div><\/div><\/div><\/div><div class=\"fusion-fullwidth fullwidth-box fusion-builder-row-3 fusion-flex-container has-pattern-background has-mask-background nonhundred-percent-fullwidth non-hundred-percent-height-scrolling\" style=\"--awb-border-radius-top-left:0px;--awb-border-radius-top-right:0px;--awb-border-radius-bottom-right:0px;--awb-border-radius-bottom-left:0px;--awb-padding-top:20px;--awb-padding-bottom:20px;--awb-flex-wrap:wrap;\" ><div class=\"fusion-builder-row fusion-row fusion-flex-align-items-flex-start fusion-flex-content-wrap\" style=\"max-width:1248px;margin-left: calc(-4% \/ 2 );margin-right: calc(-4% \/ 2 );\"><div class=\"fusion-layout-column fusion_builder_column fusion-builder-column-3 fusion_builder_column_1_1 1_1 fusion-flex-column\" style=\"--awb-padding-top:20px;--awb-padding-right:20px;--awb-padding-bottom:20px;--awb-padding-left:20px;--awb-overflow:hidden;--awb-bg-color:rgba(255,255,255,0.9);--awb-bg-color-hover:rgba(255,255,255,0.9);--awb-bg-size:cover;--awb-border-color:#009900;--awb-border-top:6px;--awb-border-right:6px;--awb-border-bottom:6px;--awb-border-left:6px;--awb-border-style:solid;--awb-border-radius:50px 50px 50px 50px;--awb-width-large:100%;--awb-margin-top-large:0px;--awb-spacing-right-large:1.92%;--awb-margin-bottom-large:0px;--awb-spacing-left-large:1.92%;--awb-width-medium:100%;--awb-order-medium:0;--awb-spacing-right-medium:1.92%;--awb-spacing-left-medium:1.92%;--awb-width-small:100%;--awb-order-small:0;--awb-spacing-right-small:1.92%;--awb-spacing-left-small:1.92%;\" data-scroll-devices=\"small-visibility,medium-visibility,large-visibility\"><div class=\"fusion-column-wrapper fusion-column-has-shadow fusion-flex-justify-content-flex-start fusion-content-layout-column\"><div class=\"fusion-title title fusion-title-2 fusion-sep-none fusion-title-text fusion-title-size-three\"><h3 class=\"fusion-title-heading title-heading-left\" style=\"margin:0;\">\ud83d\udd70\ufe0f Programm\u00fcbersicht<\/h3><\/div><div class=\"fusion-text fusion-text-3\"><p><strong>17.00 Uhr bis 18.30 Uhr: Ap\u00e9ro im Foyer (Neubau) der Kanti Frauenfeld<\/strong><\/p>\n<p>ab 17.00 Uhr: Eintreffen und Anmeldung im Foyer<\/p>\n<p><span style=\"font-weight: 400;\">von 17.30 bis 18.00 Uhr: Rundgang Kanti Frauenfeld<\/span><\/p>\n<p><strong>18.30 Uhr bis 21.30 Uhr: Abendessen in der Mensa (Neubau)<\/strong><\/p>\n<p>von ca. 20.00 Uhr bis ca. 20.30 Uhr Klassenfotos (Mensa)<\/p>\n<p><span style=\"font-weight: 400;\">um ca. 20.30 Uhr: Dessert<\/span><\/p>\n<p>von 20.30 Uhr bis ca. 21.30 Uhr: Funfotos mit Requisiten<\/p>\n<p>21.30 Uhr: letzte Runde (letzte M\u00f6glichkeit, etwas zu bestellen)<\/p>\n<p><strong>22.00 Uhr: Abschluss\u00a0des offiziellen Anlasses<br \/>\n<\/strong>(Wer m\u00f6chte, kann nat\u00fcrlich individuell in Frauenfeld weiterfeiern)<\/p>\n<\/div><\/div><\/div><\/div><\/div><div class=\"fusion-fullwidth fullwidth-box fusion-builder-row-4 fusion-flex-container has-pattern-background has-mask-background nonhundred-percent-fullwidth non-hundred-percent-height-scrolling\" style=\"--awb-border-radius-top-left:0px;--awb-border-radius-top-right:0px;--awb-border-radius-bottom-right:0px;--awb-border-radius-bottom-left:0px;--awb-padding-top:20px;--awb-padding-bottom:20px;--awb-flex-wrap:wrap;\" ><div class=\"fusion-builder-row fusion-row fusion-flex-align-items-flex-start fusion-flex-content-wrap\" style=\"max-width:1248px;margin-left: calc(-4% \/ 2 );margin-right: calc(-4% \/ 2 );\"><div class=\"fusion-layout-column fusion_builder_column fusion-builder-column-4 fusion_builder_column_1_1 1_1 fusion-flex-column\" style=\"--awb-padding-top:20px;--awb-padding-right:20px;--awb-padding-bottom:20px;--awb-padding-left:20px;--awb-overflow:hidden;--awb-bg-color:rgba(255,255,255,0.9);--awb-bg-color-hover:rgba(255,255,255,0.9);--awb-bg-size:cover;--awb-border-color:#a6a6a6;--awb-border-top:6px;--awb-border-right:6px;--awb-border-bottom:6px;--awb-border-left:6px;--awb-border-style:solid;--awb-border-radius:50px 50px 50px 50px;--awb-width-large:100%;--awb-margin-top-large:0px;--awb-spacing-right-large:1.92%;--awb-margin-bottom-large:0px;--awb-spacing-left-large:1.92%;--awb-width-medium:100%;--awb-order-medium:0;--awb-spacing-right-medium:1.92%;--awb-spacing-left-medium:1.92%;--awb-width-small:100%;--awb-order-small:0;--awb-spacing-right-small:1.92%;--awb-spacing-left-small:1.92%;\" data-scroll-devices=\"small-visibility,medium-visibility,large-visibility\"><div class=\"fusion-column-wrapper fusion-column-has-shadow fusion-flex-justify-content-flex-start fusion-content-layout-column\"><div class=\"fusion-title title fusion-title-3 fusion-sep-none fusion-title-text fusion-title-size-three\"><h3 class=\"fusion-title-heading title-heading-left\" style=\"margin:0;\">\ud83c\udf7d\ufe0f Im Preis inbegriffen<\/h3><\/div><div class=\"fusion-text fusion-text-4\"><p><strong>Ap\u00e9ro inkl. aller Getr\u00e4nke<\/strong>, auch alkoholische<\/p>\n<p><strong>Nachtessen <\/strong>inkl. Suppe (Vorspeise) und Dessert<\/p>\n<p>Mineralwasser &amp; Kaffee<\/p>\n<p><strong>Nicht inbegriffen:<\/strong><br \/>\nS\u00fcssgetr\u00e4nke und alkoholische Getr\u00e4nke w\u00e4hrend des Nachtessens.<br \/>\nDiese k\u00f6nnen <strong>direkt an der Kasse bezahlt werden<\/strong> \u2013 die Mensa k\u00fcmmert sich um die Abrechnung.<\/p>\n<\/div><\/div><\/div><\/div><\/div><div class=\"fusion-fullwidth fullwidth-box fusion-builder-row-5 fusion-flex-container has-pattern-background has-mask-background nonhundred-percent-fullwidth non-hundred-percent-height-scrolling\" style=\"--awb-border-radius-top-left:0px;--awb-border-radius-top-right:0px;--awb-border-radius-bottom-right:0px;--awb-border-radius-bottom-left:0px;--awb-padding-top:20px;--awb-padding-bottom:20px;--awb-flex-wrap:wrap;\" ><div class=\"fusion-builder-row fusion-row fusion-flex-align-items-flex-start fusion-flex-content-wrap\" style=\"max-width:1248px;margin-left: calc(-4% \/ 2 );margin-right: calc(-4% \/ 2 );\"><div class=\"fusion-layout-column fusion_builder_column fusion-builder-column-5 fusion_builder_column_1_1 1_1 fusion-flex-column\" style=\"--awb-padding-top:20px;--awb-padding-right:20px;--awb-padding-bottom:20px;--awb-padding-left:20px;--awb-overflow:hidden;--awb-bg-color:rgba(255,255,255,0.9);--awb-bg-color-hover:rgba(255,255,255,0.9);--awb-bg-size:cover;--awb-border-color:#a6a6a6;--awb-border-top:6px;--awb-border-right:6px;--awb-border-bottom:6px;--awb-border-left:6px;--awb-border-style:solid;--awb-border-radius:50px 50px 50px 50px;--awb-width-large:100%;--awb-margin-top-large:0px;--awb-spacing-right-large:1.92%;--awb-margin-bottom-large:0px;--awb-spacing-left-large:1.92%;--awb-width-medium:100%;--awb-order-medium:0;--awb-spacing-right-medium:1.92%;--awb-spacing-left-medium:1.92%;--awb-width-small:100%;--awb-order-small:0;--awb-spacing-right-small:1.92%;--awb-spacing-left-small:1.92%;\" data-scroll-devices=\"small-visibility,medium-visibility,large-visibility\"><div class=\"fusion-column-wrapper fusion-column-has-shadow fusion-flex-justify-content-flex-start fusion-content-layout-column\"><div class=\"fusion-title title fusion-title-4 fusion-sep-none fusion-title-text fusion-title-size-three\"><h3 class=\"fusion-title-heading title-heading-left\" style=\"margin:0;\">\ud83d\udcf8 Fotos &amp; Fotografin<\/h3><\/div><div class=\"fusion-title title fusion-title-5 fusion-sep-none fusion-title-text fusion-title-size-four\"><h4 class=\"fusion-title-heading title-heading-left\" style=\"margin:0;\">Fotos aus der Kanti-Zeit<\/h4><\/div><div class=\"fusion-text fusion-text-5\"><p>Am Jahrgangstreffen werden alte Fotos aus der Kanti-Zeit per Beamer projiziert. Es wurden bereits einige Bilder hochgeladen \u2013 es w\u00e4re aber sch\u00f6n, wenn noch weitere dazuk\u00e4men \ud83d\ude0a<\/p>\n<p>Unter folgendem Link kannst du Fotos aus der Gymizeit hochladen, die in einer Diashow am Abend gezeigt werden k\u00f6nnen. Besten Dank. Die empfangenen Bilder werden ausschliesslich f\u00fcr diesen Anlass genutzt und danach wieder gel\u00f6scht.<\/p>\n<\/div><div style=\"text-align:center;\"><a class=\"fusion-button button-3d fusion-button-default-size button-default fusion-button-default button-1 fusion-button-default-span \" target=\"_blank\" rel=\"noopener noreferrer\" href=\"https:\/\/www.dropbox.com\/request\/gFDR0gg7ii5iv7VPq2XR\"><i class=\"fa-camera-retro fas awb-button__icon awb-button__icon--default button-icon-left\" aria-hidden=\"true\"><\/i><span class=\"fusion-button-text awb-button__text awb-button__text--default\">File-Upload<\/span><\/a><\/div><div class=\"fusion-title title fusion-title-6 fusion-sep-none fusion-title-text fusion-title-size-four\"><h4 class=\"fusion-title-heading title-heading-left\" style=\"margin:0;\">Fotos am Anlass<\/h4><\/div><div class=\"fusion-text fusion-text-6\"><p>F\u00fcr den Abend selbst haben wir eine <strong>Fotografin<\/strong> engagieren k\u00f6nnen. Sie wird den ganzen Abend anwesend sein und Fotos machen.<\/p>\n<ul>\n<li><strong>Klassenfotos<\/strong>: zwischen Hauptgang und Dessert<\/li>\n<li><strong>Funfotos<\/strong>: zwischendurch mit bereitgestellten Utensilien<\/li>\n<li>Alle Fotos werden im Anschluss auf einer <strong>passwortgesch\u00fctzten Webplattform<\/strong> zur Verf\u00fcgung gestellt<\/li>\n<\/ul>\n<p>\u26a0\ufe0f <strong>Hinweis Datenschutz:<\/strong><br \/>\nWer nicht fotografiert werden m\u00f6chte, meldet sich bitte <strong>direkt bei der Fotografin<\/strong>. Sie macht dann kurz ein Foto von dir, damit sie weiss, welche Bilder sp\u00e4ter aussortiert werden m\u00fcssen.<\/p>\n<\/div><\/div><\/div><\/div><\/div><div class=\"fusion-fullwidth fullwidth-box fusion-builder-row-6 fusion-flex-container has-pattern-background has-mask-background nonhundred-percent-fullwidth non-hundred-percent-height-scrolling\" style=\"--awb-border-radius-top-left:0px;--awb-border-radius-top-right:0px;--awb-border-radius-bottom-right:0px;--awb-border-radius-bottom-left:0px;--awb-padding-top:20px;--awb-padding-bottom:20px;--awb-flex-wrap:wrap;\" ><div class=\"fusion-builder-row fusion-row fusion-flex-align-items-flex-start fusion-flex-content-wrap\" style=\"max-width:1248px;margin-left: calc(-4% \/ 2 );margin-right: calc(-4% \/ 2 );\"><div class=\"fusion-layout-column fusion_builder_column fusion-builder-column-6 fusion_builder_column_1_1 1_1 fusion-flex-column\" style=\"--awb-padding-top:20px;--awb-padding-right:20px;--awb-padding-bottom:20px;--awb-padding-left:20px;--awb-overflow:hidden;--awb-bg-color:rgba(255,255,255,0.9);--awb-bg-color-hover:rgba(255,255,255,0.9);--awb-bg-size:cover;--awb-border-color:#a6a6a6;--awb-border-top:6px;--awb-border-right:6px;--awb-border-bottom:6px;--awb-border-left:6px;--awb-border-style:solid;--awb-border-radius:50px 50px 50px 50px;--awb-width-large:100%;--awb-margin-top-large:0px;--awb-spacing-right-large:1.92%;--awb-margin-bottom-large:0px;--awb-spacing-left-large:1.92%;--awb-width-medium:100%;--awb-order-medium:0;--awb-spacing-right-medium:1.92%;--awb-spacing-left-medium:1.92%;--awb-width-small:100%;--awb-order-small:0;--awb-spacing-right-small:1.92%;--awb-spacing-left-small:1.92%;\" data-scroll-devices=\"small-visibility,medium-visibility,large-visibility\"><div class=\"fusion-column-wrapper fusion-column-has-shadow fusion-flex-justify-content-flex-start fusion-content-layout-column\"><div class=\"fusion-title title fusion-title-7 fusion-sep-none fusion-title-text fusion-title-size-three\"><h3 class=\"fusion-title-heading title-heading-left\" style=\"margin:0;\">\u2139\ufe0f Weitere Infos<\/h3><\/div><div class=\"fusion-text fusion-text-7\"><ul>\n<li>\n<p class=\"isSelectedEnd\">Am Empfang liegen <strong>Namenst\u00e4felchen<\/strong>, klassenweise sortiert, bereit<\/p>\n<\/li>\n<li>Der Rundgang w\u00e4hrend des Ap\u00e9ros ist freiwillig und findet ca. von <strong>17:30\u201318:00 Uhr<\/strong> statt<\/li>\n<\/ul>\n<\/div><div class=\"fusion-text fusion-text-8\"><p data-start=\"704\" data-end=\"1112\"><strong data-start=\"704\" data-end=\"726\">Was erwartet euch?<\/strong><br data-start=\"726\" data-end=\"729\" \/>Eine Reise in die Vergangenheit \u2013 mit all den lustigen Anekdoten, den \u201eWas-hast-du-seit-der-Matura-gemacht?\u201c Gespr\u00e4chen und vielleicht auch dem einen oder anderen Schmunzeln \u00fcber die verr\u00fcckten Erlebnisse von damals. Aber auch ein Blick in die Zukunft: Wie haben sich unsere Leben entwickelt, was hat uns gepr\u00e4gt und wie k\u00f6nnen wir den Moment geniessen, in dem wir uns wiedersehen? \ud83c\udf1f<\/p>\n<p data-start=\"1114\" data-end=\"1342\">Lasst uns auf 30 Jahre voller Erinnerungen anstossen, <strong data-start=\"1167\" data-end=\"1229\">gemeinsam lachen, plaudern und neue Geschichten schreiben.<\/strong><\/p>\n<p data-start=\"1344\" data-end=\"1419\"><strong data-start=\"1344\" data-end=\"1416\">Wir freuen uns sehr darauf, euch alle am 16. Januar wiederzusehen und den Abend unvergesslich zu machen!<\/strong> \ud83e\udd73<\/p>\n<p>Herzliche Gr\u00fcsse<br \/>\n<strong>Euer OK des Jahrgangstreffens<\/strong><\/p>\n<\/div><\/div><\/div><\/div><\/div><\/p>\n","protected":false},"excerpt":{"rendered":"","protected":false},"author":1,"featured_media":0,"parent":0,"menu_order":0,"comment_status":"closed","ping_status":"closed","template":"","meta":{"inline_featured_image":false,"footnotes":""},"class_list":["post-788","page","type-page","status-publish","hentry"],"_links":{"self":[{"href":"https:\/\/matura96.ch\/index.php?rest_route=\/wp\/v2\/pages\/788","targetHints":{"allow":["GET"]}}],"collection":[{"href":"https:\/\/matura96.ch\/index.php?rest_route=\/wp\/v2\/pages"}],"about":[{"href":"https:\/\/matura96.ch\/index.php?rest_route=\/wp\/v2\/types\/page"}],"author":[{"embeddable":true,"href":"https:\/\/matura96.ch\/index.php?rest_route=\/wp\/v2\/users\/1"}],"replies":[{"embeddable":true,"href":"https:\/\/matura96.ch\/index.php?rest_route=%2Fwp%2Fv2%2Fcomments&post=788"}],"version-history":[{"count":136,"href":"https:\/\/matura96.ch\/index.php?rest_route=\/wp\/v2\/pages\/788\/revisions"}],"predecessor-version":[{"id":935,"href":"https:\/\/matura96.ch\/index.php?rest_route=\/wp\/v2\/pages\/788\/revisions\/935"}],"wp:attachment":[{"href":"https:\/\/matura96.ch\/index.php?rest_route=%2Fwp%2Fv2%2Fmedia&parent=788"}],"curies":[{"name":"wp","href":"https:\/\/api.w.org\/{rel}","templated":true}]}}